{"id":186,"date":"2021-03-18T09:52:42","date_gmt":"2021-03-18T09:52:42","guid":{"rendered":"https:\/\/web.iisermohali.ac.in\/dept\/hss\/?page_id=186"},"modified":"2024-02-15T16:22:02","modified_gmt":"2024-02-15T16:22:02","slug":"dr-parth-chauhan-2","status":"publish","type":"page","link":"https:\/\/web.iisermohali.ac.in\/dept\/hss\/dr-parth-chauhan-2\/","title":{"rendered":"Dr Parth Chauhan"},"content":{"rendered":"\r\n<div class=\"col-md-12\">\r\n<div class=\"facility-internal-pages-info\">\r\n<img decoding=\"async\" src=\"https:\/\/web.iisermohali.ac.in\/dept\/hss\/wp-content\/uploads\/2021\/03\/Dr-Parth-Chauhan.jpg\">\r\n\r\n\r\n<p align=\"justify\"><strong>Name: <\/strong>Parth R. Chauhan<\/p>\r\n  <p align=\"justify\"><strong>Designation: <\/strong>Associate Professor &#038; Head of the Department<\/p>\r\n  <p align=\"justify\"><strong>Email:<\/strong> parthrc@iisermohali.ac.in<\/p>\r\n  <p align=\"justify\"><strong>Office : <\/strong>2F2, Academic Block 2<\/p>\r\n  <p align=\"justify\"><strong>Education<\/strong><\/br>\r\n  Ph.D. (Archaeology),  University of Sheffield, UK, 2005.<\/br>\r\n  M.A. (Archaeology &amp; Ancient  History), Deccan College Postgraduate &amp; Research Institute, Pune, 1998.<\/br>\r\n  B.A. (Anthropology with Minor in  History), Rutgers University, USA.<\/p>\r\n\r\n<p> <a href=\"https:\/\/web.iisermohali.ac.in\/dept\/hss\/wp-content\/uploads\/2021\/03\/CHAUHAN-MASTER-CV-MAR-2021.pdf\">Curriculum Vitae<\/a><\/p>\r\n\r\n  \r\n<p align=\"justify\"><strong>Employment<\/strong><\/br>Assistant  Professor<strong> <\/strong>, IISER Mohali 2014-2022<\/p>\r\n\r\n\r\n  <p align=\"justify\"><strong>Areas of Research<\/strong><\/br>Indian prehistory; stone tools; vertebrate  palaeontology; rock art studies; palaeoanthropology<\/p>\r\n  \r\n  <p align=\"justify\"><strong>Research Focus<\/strong><\/br>My main areas of interest are stone tools, vertebrate fossils and rock  art of South Asia. Currently, I am heading the Narmada Basin Paleoanthropology  Project, the goal of which is to understand (from a multidisciplinary  perspective) patterns of human occupation and adaptations in the region over  the span of at least one million years and also search for additional hominin  fossils. During my doctoral work, I have also carried out research in the  Siwalik Hills, work which is ongoing and involves targeting different types of  paleoanthropological datasets to investigate a possible hominin presence in  South Asia older than the Acheulean (i.e., older than 1.5 million years). In  addition, I am also analyzing microlithic stone tools from a cave in Konkan  Maharashtra in collaboration with the Government of Maharastra and  collaborating with CHARUSAT and other colleagues to understand the co-evolution  of humans and ostriches in the Tapi Basin. I am also interested in  flintknapping and utilizing the resulting stone tools to understand the roles  of culture, function, technology and raw material selection, and the associated impacts on such materials as stone, wood and bone.<\/p>\r\n<p align=\"justify\"><strong>Teaching<\/strong><\/br>\r\nHSS615 Archaeology of the world: A cultural quest into our global past.<\/br>\r\nHSS616 Bones, Stones &amp; Chromosomes: The Story of Our Evolution (Co-taught with  Rhit ban Ray Choudhury).<\/br>\r\nHSS618 India from Prehistory to Early History (co-taught with V. Rajesh)<\/br>\r\nHSS624 Understanding Cultures: Using Past and Present using field, laboratory and  archives (co-taught with Anu Sabhlok).<\/br>\r\nEES636 The Quaternary Period: Environments, Animals and Adaptations during the last  2.5 million years. (occasionally co-taught with EES faculty)<\/br>\r\nHSS625 The Archaeology of Ancient Technologies (hands-on lab course)<\/br>\r\nHSS639 Advanced theory &amp; method in Paleoanthropology (for PhD students only)<\/br>\r\nHSS643 Field course in palaeoanthropology and allied disciplines<\/br>\r\nIDC623 Field and lab-based methods in geology, ecology, and archaeology (co-taught  with Manjari Jain and Anoop Ambili)<\/p>\r\n\r\n\r\n<p align=\"justify\"><strong>Selected Publications<\/strong><\/br>\r\n<i class=\"fa fa-caret-right\" aria-hidden=\"true\"><\/i>&nbsp;Saleem,  S. and P.R. Chauhan. 2020. A rare depiction of a butchering scene in the rock  paintings of Maser in the Raisen District of Madhya Pradesh, India. Antiquity Online Project Gallery<\/br>\r\n<i class=\"fa fa-caret-right\" aria-hidden=\"true\"><\/i>&nbsp;Jukar, A.M., Patnaik, R., Chauhan, P.R.,  Li, H.-C. and J.-P. Lin. 2019. The youngest occurrence of <em>Hexaprotodon<\/em> Falconer and Cautley, 1836 (Hippopotamidae, Mammalia)  from South Asia with a discussion on its extinction. <em>Quaternary  International <\/em>528: 130-137.<\/br>\r\n<i class=\"fa fa-caret-right\" aria-hidden=\"true\"><\/i>&nbsp;Chauhan, P.R. 2019. Interpretative  shifts in understanding the prehistoric settlement of the Indian Subcontinent,  In <em>Interrogating Human Origins:  Decolonisation and the Deep Human Past<\/em>. Martin Porr, Jacqueline Matthews  (Eds.). Routledge, London, pp. 239-256.<\/br>\r\n<i class=\"fa fa-caret-right\" aria-hidden=\"true\"><\/i>&nbsp;Beyin, A., Chauhan, P.R. and A. Nassr.  2019. Reconnaissance of prehistoric sites in the Red Sea coastal  region of the Sudan (NE Africa): Results and implications. <em>Journal of Field Archaeology<\/em> 44(3): 147-164.<\/br>\r\n<i class=\"fa fa-caret-right\" aria-hidden=\"true\"><\/i>&nbsp;Chauhan, P.R., David R. Bridgland,  Marie-H\u00e9l\u00e8ne Moncel, Pierre Antoine, Jean-Jacques Bahain, Rebecca Briant, Pedro  P. Cunha, Jackie Despri\u00e9e, Nicole Limondin-Lozoue, Jean-Luc Locht, Antonio A.  Martins, Danielle C. Schreve, Andrew D. Shaw, Pierre Voinchet, Rob Westaway,  Mark J. White, Tom S. White. 2017. Fluvial deposits as an archive of early  human activity: Progress during the 20 years of the Fluvial Archives Group. <em>Quaternary Science Reviews<\/em> 166: 114-149.<\/br>\r\n<i class=\"fa fa-caret-right\" aria-hidden=\"true\"><\/i>&nbsp;Lycett, S.J.,  Chauhan, P.R., Eds. 2010. New Perspectives on Old Stones: Analytical Approaches  to Palaeolithic Technologies. Netherlands, Springer Press.<\/br>\r\n<i class=\"fa fa-caret-right\" aria-hidden=\"true\"><\/i>&nbsp;Camps, M.,  Chauhan, P.R., Eds. 2009. Sourcebook of Paleolithic Transitions: Methods,  Theories, and Interpretations. Netherlands, Springer Press.<\/br>\r\n<i class=\"fa fa-caret-right\" aria-hidden=\"true\"><\/i>&nbsp;Chauhan, P.R.  (2010). The Indian subcontinent and &#8216;Out of Africa I&#8217;. In: Out of Africa I: The  First Hominins of Eurasia. J. Fleagle, J. Shea and R. Leakey (Eds.).  Paleobiology and Paleoanthropology Series. Springer Press, pp. 145-164.<\/br>\r\n<i class=\"fa fa-caret-right\" aria-hidden=\"true\"><\/i>&nbsp;Chauhan, P.R.  (2009). The Lower Paleolithic of the Indian Subcontinent. Evolutionary  Anthropology 18:62-78.<\/br>\r\n<i class=\"fa fa-caret-right\" aria-hidden=\"true\"><\/i>&nbsp;Chauhan, P.R.  (2008). Large mammal fossil occurrences and associated archaeological evidence  in Pleistocene contexts of peninsular India and Sri Lanka. Quaternary  International 192(1):21-42.<\/p>\r\n<p align=\"justify\"><strong>Research Projects<\/strong><\/br>\r\n1. Subsistence and symbolism in prehistoric  India: Understanding environmental contexts in relation to <em>Homo sapiens<\/em> dispersals and adaptations. MHRD-STARS. Ongoing.<\/br>\r\n2. The First Global  Culture: Lower Paleolithic Acheulean Adaptations at the Two Ends of Asia. UGC  (India-Israel Joint Research Programme, 3rd Cycle). Completed.<\/br>\r\n3. Documentation, Study  and Scientific Analysis of Rock Art in Raisen District, Madhya Pradesh. P.R.  Chauhan and Saleem Shaik. ICHR, New Delhi. Completed.<\/br>\r\n4. The impact of rock  variability on hominin technological adaptations in India.\u00a0 Royal Society Commonwealth Science  Conference Follow-On Grant. In collaboration with Prof. Bruce Bradley, Exeter  University (UK). Completed. <\/br>\r\n<p align=\"justify\"><strong>Position outside IISER Mohali<\/strong><\/br>Research Associate (Stone Age Institute, USA)<\/p>\r\n<\/div>\r\n<\/div>\r\n","protected":false},"excerpt":{"rendered":"<p>Name: Parth R. Chauhan Designation: Associate Professor &#038; Head of the Department Email: parthrc@iisermohali.ac.in Office : 2F2, Academic Block 2 Education Ph.D. (Archaeology), University of Sheffield, UK, 2005. M.A. (Archaeology &amp; Ancient History), Deccan College Postgraduate &amp; Research Institute, Pune, 1998. B.A. (Anthropology with Minor in History), Rutgers University, USA. Curriculum Vitae EmploymentAssistant Professor , [&hellip;]<\/p>\n","protected":false},"author":1,"featured_media":0,"parent":0,"menu_order":0,"comment_status":"closed","ping_status":"closed","template":"","meta":{"ngg_post_thumbnail":0,"footnotes":""},"class_list":["post-186","page","type-page","status-publish","hentry"],"_links":{"self":[{"href":"https:\/\/web.iisermohali.ac.in\/dept\/hss\/wp-json\/wp\/v2\/pages\/186","targetHints":{"allow":["GET"]}}],"collection":[{"href":"https:\/\/web.iisermohali.ac.in\/dept\/hss\/wp-json\/wp\/v2\/pages"}],"about":[{"href":"https:\/\/web.iisermohali.ac.in\/dept\/hss\/wp-json\/wp\/v2\/types\/page"}],"author":[{"embeddable":true,"href":"https:\/\/web.iisermohali.ac.in\/dept\/hss\/wp-json\/wp\/v2\/users\/1"}],"replies":[{"embeddable":true,"href":"https:\/\/web.iisermohali.ac.in\/dept\/hss\/wp-json\/wp\/v2\/comments?post=186"}],"version-history":[{"count":13,"href":"https:\/\/web.iisermohali.ac.in\/dept\/hss\/wp-json\/wp\/v2\/pages\/186\/revisions"}],"predecessor-version":[{"id":1460,"href":"https:\/\/web.iisermohali.ac.in\/dept\/hss\/wp-json\/wp\/v2\/pages\/186\/revisions\/1460"}],"wp:attachment":[{"href":"https:\/\/web.iisermohali.ac.in\/dept\/hss\/wp-json\/wp\/v2\/media?parent=186"}],"curies":[{"name":"wp","href":"https:\/\/api.w.org\/{rel}","templated":true}]}}